{"id":278,"date":"2025-08-13T14:25:23","date_gmt":"2025-08-13T11:25:23","guid":{"rendered":"https:\/\/www.aypekmetal.com\/?page_id=278"},"modified":"2025-10-09T15:43:38","modified_gmt":"2025-10-09T12:43:38","slug":"blog","status":"publish","type":"page","link":"https:\/\/www.aypekmetal.com\/index.php\/blog\/","title":{"rendered":"Blog"},"content":{"rendered":"\t\t<div data-elementor-type=\"wp-page\" data-elementor-id=\"278\" class=\"elementor elementor-278\" data-elementor-post-type=\"page\">\n\t\t\t\t<div class=\"elementor-element elementor-element-c133d81 e-flex e-con-boxed e-con e-parent\" data-id=\"c133d81\" data-element_type=\"container\" data-settings=\"{&quot;background_background&quot;:&quot;classic&quot;}\">\n\t\t\t\t\t<div class=\"e-con-inner\">\n\t\t\t\t<div class=\"elementor-element elementor-element-90bf565 elementor-position-left elementor-mobile-position-left elementor-widget-mobile__width-inherit elementor-view-default elementor-widget elementor-widget-icon-box\" data-id=\"90bf565\" data-element_type=\"widget\" data-widget_type=\"icon-box.default\">\n\t\t\t\t\t\t\t<div class=\"elementor-icon-box-wrapper\">\n\n\t\t\t\t\t\t<div class=\"elementor-icon-box-icon\">\n\t\t\t\t<span  class=\"elementor-icon\">\n\t\t\t\t<svg aria-hidden=\"true\" class=\"e-font-icon-svg e-fas-square\" viewBox=\"0 0 448 512\" xmlns=\"http:\/\/www.w3.org\/2000\/svg\"><path d=\"M400 32H48C21.5 32 0 53.5 0 80v352c0 26.5 21.5 48 48 48h352c26.5 0 48-21.5 48-48V80c0-26.5-21.5-48-48-48z\"><\/path><\/svg>\t\t\t\t<\/span>\n\t\t\t<\/div>\n\t\t\t\n\t\t\t\t\t\t<div class=\"elementor-icon-box-content\">\n\n\t\t\t\t\t\t\t\t\t<h3 class=\"elementor-icon-box-title\">\n\t\t\t\t\t\t<span  >\n\t\t\t\t\t\t\tBlog\t\t\t\t\t\t<\/span>\n\t\t\t\t\t<\/h3>\n\t\t\t\t\n\t\t\t\t\n\t\t\t<\/div>\n\t\t\t\n\t\t<\/div>\n\t\t\t\t\t\t<\/div>\n\t\t\t\t<div class=\"elementor-element elementor-element-6213cc6 elementor-widget elementor-widget-heading\" data-id=\"6213cc6\" data-element_type=\"widget\" data-widget_type=\"heading.default\">\n\t\t\t\t\t<h2 class=\"elementor-heading-title elementor-size-default\">Metal G\u00fcndemi<\/h2>\t\t\t\t<\/div>\n\t\t\t\t\t<\/div>\n\t\t\t\t<\/div>\n\t\t<div class=\"elementor-element elementor-element-0178622 e-con-full elementor-hidden-desktop elementor-hidden-laptop elementor-hidden-tablet_extra elementor-hidden-tablet elementor-hidden-mobile_extra e-flex e-con e-parent\" data-id=\"0178622\" data-element_type=\"container\" data-settings=\"{&quot;background_background&quot;:&quot;gradient&quot;,&quot;position&quot;:&quot;fixed&quot;}\">\n\t\t\t\t<div class=\"elementor-element elementor-element-48c202d elementor-align-center elementor-icon-list--layout-traditional elementor-list-item-link-full_width elementor-widget elementor-widget-icon-list\" data-id=\"48c202d\" data-element_type=\"widget\" data-widget_type=\"icon-list.default\">\n\t\t\t\t\t\t\t<ul class=\"elementor-icon-list-items\">\n\t\t\t\t\t\t\t<li class=\"elementor-icon-list-item\">\n\t\t\t\t\t\t\t\t\t\t\t<a href=\"tel:+905443964031\">\n\n\t\t\t\t\t\t\t\t\t\t\t\t<span class=\"elementor-icon-list-icon\">\n\t\t\t\t\t\t\t<svg aria-hidden=\"true\" class=\"e-font-icon-svg e-fas-phone-volume\" viewBox=\"0 0 384 512\" xmlns=\"http:\/\/www.w3.org\/2000\/svg\"><path d=\"M97.333 506.966c-129.874-129.874-129.681-340.252 0-469.933 5.698-5.698 14.527-6.632 21.263-2.422l64.817 40.513a17.187 17.187 0 0 1 6.849 20.958l-32.408 81.021a17.188 17.188 0 0 1-17.669 10.719l-55.81-5.58c-21.051 58.261-20.612 122.471 0 179.515l55.811-5.581a17.188 17.188 0 0 1 17.669 10.719l32.408 81.022a17.188 17.188 0 0 1-6.849 20.958l-64.817 40.513a17.19 17.19 0 0 1-21.264-2.422zM247.126 95.473c11.832 20.047 11.832 45.008 0 65.055-3.95 6.693-13.108 7.959-18.718 2.581l-5.975-5.726c-3.911-3.748-4.793-9.622-2.261-14.41a32.063 32.063 0 0 0 0-29.945c-2.533-4.788-1.65-10.662 2.261-14.41l5.975-5.726c5.61-5.378 14.768-4.112 18.718 2.581zm91.787-91.187c60.14 71.604 60.092 175.882 0 247.428-4.474 5.327-12.53 5.746-17.552.933l-5.798-5.557c-4.56-4.371-4.977-11.529-.93-16.379 49.687-59.538 49.646-145.933 0-205.422-4.047-4.85-3.631-12.008.93-16.379l5.798-5.557c5.022-4.813 13.078-4.394 17.552.933zm-45.972 44.941c36.05 46.322 36.108 111.149 0 157.546-4.39 5.641-12.697 6.251-17.856 1.304l-5.818-5.579c-4.4-4.219-4.998-11.095-1.285-15.931 26.536-34.564 26.534-82.572 0-117.134-3.713-4.836-3.115-11.711 1.285-15.931l5.818-5.579c5.159-4.947 13.466-4.337 17.856 1.304z\"><\/path><\/svg>\t\t\t\t\t\t<\/span>\n\t\t\t\t\t\t\t\t\t\t<span class=\"elementor-icon-list-text\"><\/span>\n\t\t\t\t\t\t\t\t\t\t\t<\/a>\n\t\t\t\t\t\t\t\t\t<\/li>\n\t\t\t\t\t\t<\/ul>\n\t\t\t\t\t\t<\/div>\n\t\t\t\t<\/div>\n\t\t<div class=\"elementor-element elementor-element-46d3204 e-con-full elementor-hidden-desktop elementor-hidden-laptop elementor-hidden-tablet_extra elementor-hidden-tablet elementor-hidden-mobile_extra e-flex e-con e-parent\" data-id=\"46d3204\" data-element_type=\"container\" data-settings=\"{&quot;background_background&quot;:&quot;gradient&quot;,&quot;position&quot;:&quot;fixed&quot;}\">\n\t\t\t\t<div class=\"elementor-element elementor-element-03536bd elementor-align-center elementor-icon-list--layout-traditional elementor-list-item-link-full_width elementor-widget elementor-widget-icon-list\" data-id=\"03536bd\" data-element_type=\"widget\" data-widget_type=\"icon-list.default\">\n\t\t\t\t\t\t\t<ul class=\"elementor-icon-list-items\">\n\t\t\t\t\t\t\t<li class=\"elementor-icon-list-item\">\n\t\t\t\t\t\t\t\t\t\t\t<a href=\"https:\/\/api.whatsapp.com\/send?phone=\u202a+905372533936\u202c\">\n\n\t\t\t\t\t\t\t\t\t\t\t\t<span class=\"elementor-icon-list-icon\">\n\t\t\t\t\t\t\t<svg aria-hidden=\"true\" class=\"e-font-icon-svg e-fab-whatsapp\" viewBox=\"0 0 448 512\" xmlns=\"http:\/\/www.w3.org\/2000\/svg\"><path d=\"M380.9 97.1C339 55.1 283.2 32 223.9 32c-122.4 0-222 99.6-222 222 0 39.1 10.2 77.3 29.6 111L0 480l117.7-30.9c32.4 17.7 68.9 27 106.1 27h.1c122.3 0 224.1-99.6 224.1-222 0-59.3-25.2-115-67.1-157zm-157 341.6c-33.2 0-65.7-8.9-94-25.7l-6.7-4-69.8 18.3L72 359.2l-4.4-7c-18.5-29.4-28.2-63.3-28.2-98.2 0-101.7 82.8-184.5 184.6-184.5 49.3 0 95.6 19.2 130.4 54.1 34.8 34.9 56.2 81.2 56.1 130.5 0 101.8-84.9 184.6-186.6 184.6zm101.2-138.2c-5.5-2.8-32.8-16.2-37.9-18-5.1-1.9-8.8-2.8-12.5 2.8-3.7 5.6-14.3 18-17.6 21.8-3.2 3.7-6.5 4.2-12 1.4-32.6-16.3-54-29.1-75.5-66-5.7-9.8 5.7-9.1 16.3-30.3 1.8-3.7.9-6.9-.5-9.7-1.4-2.8-12.5-30.1-17.1-41.2-4.5-10.8-9.1-9.3-12.5-9.5-3.2-.2-6.9-.2-10.6-.2-3.7 0-9.7 1.4-14.8 6.9-5.1 5.6-19.4 19-19.4 46.3 0 27.3 19.9 53.7 22.6 57.4 2.8 3.7 39.1 59.7 94.8 83.8 35.2 15.2 49 16.5 66.6 13.9 10.7-1.6 32.8-13.4 37.4-26.4 4.6-13 4.6-24.1 3.2-26.4-1.3-2.5-5-3.9-10.5-6.6z\"><\/path><\/svg>\t\t\t\t\t\t<\/span>\n\t\t\t\t\t\t\t\t\t\t<span class=\"elementor-icon-list-text\"><\/span>\n\t\t\t\t\t\t\t\t\t\t\t<\/a>\n\t\t\t\t\t\t\t\t\t<\/li>\n\t\t\t\t\t\t<\/ul>\n\t\t\t\t\t\t<\/div>\n\t\t\t\t<\/div>\n\t\t<div class=\"elementor-element elementor-element-4fb7c34 e-flex e-con-boxed e-con e-parent\" data-id=\"4fb7c34\" data-element_type=\"container\" data-settings=\"{&quot;background_background&quot;:&quot;classic&quot;}\">\n\t\t\t\t\t<div class=\"e-con-inner\">\n\t\t\t\t<div class=\"elementor-element elementor-element-5010e34 elementor-grid-3 elementor-grid-tablet-2 elementor-grid-mobile-1 elementor-widget elementor-widget-loop-grid\" data-id=\"5010e34\" data-element_type=\"widget\" data-settings=\"{&quot;template_id&quot;:&quot;320&quot;,&quot;pagination_type&quot;:&quot;load_more_infinite_scroll&quot;,&quot;load_more_spinner&quot;:{&quot;value&quot;:&quot;fas fa-circle-notch&quot;,&quot;library&quot;:&quot;fa-solid&quot;},&quot;_skin&quot;:&quot;post&quot;,&quot;columns&quot;:&quot;3&quot;,&quot;columns_tablet&quot;:&quot;2&quot;,&quot;columns_mobile&quot;:&quot;1&quot;,&quot;edit_handle_selector&quot;:&quot;[data-elementor-type=\\&quot;loop-item\\&quot;]&quot;,&quot;row_gap&quot;:{&quot;unit&quot;:&quot;px&quot;,&quot;size&quot;:&quot;&quot;,&quot;sizes&quot;:[]},&quot;row_gap_laptop&quot;:{&quot;unit&quot;:&quot;px&quot;,&quot;size&quot;:&quot;&quot;,&quot;sizes&quot;:[]},&quot;row_gap_tablet_extra&quot;:{&quot;unit&quot;:&quot;px&quot;,&quot;size&quot;:&quot;&quot;,&quot;sizes&quot;:[]},&quot;row_gap_tablet&quot;:{&quot;unit&quot;:&quot;px&quot;,&quot;size&quot;:&quot;&quot;,&quot;sizes&quot;:[]},&quot;row_gap_mobile_extra&quot;:{&quot;unit&quot;:&quot;px&quot;,&quot;size&quot;:&quot;&quot;,&quot;sizes&quot;:[]},&quot;row_gap_mobile&quot;:{&quot;unit&quot;:&quot;px&quot;,&quot;size&quot;:&quot;&quot;,&quot;sizes&quot;:[]}}\" data-widget_type=\"loop-grid.post\">\n\t\t\t\t<div class=\"elementor-widget-container\">\n\t\t\t\t\t\t\t<div class=\"elementor-loop-container elementor-grid\" role=\"list\">\n\t\t<style id=\"loop-320\">.elementor-320 .elementor-element.elementor-element-509b9e4f{--display:flex;--flex-direction:column;--container-widget-width:100%;--container-widget-height:initial;--container-widget-flex-grow:0;--container-widget-align-self:initial;--flex-wrap-mobile:wrap;--gap:10px 10px;--row-gap:10px;--column-gap:10px;--border-radius:20px 20px 20px 20px;box-shadow:0px 4px 44px 0px rgba(0, 0, 0, 0.1);--padding-top:20px;--padding-bottom:55px;--padding-left:20px;--padding-right:20px;}.elementor-320 .elementor-element.elementor-element-509b9e4f:hover{box-shadow:0px 2px 25px 0px rgba(0, 0, 0, 0.2);}.elementor-widget-theme-post-featured-image .widget-image-caption{color:var( --e-global-color-text );font-family:var( --e-global-typography-text-font-family ), Sans-serif;font-weight:var( --e-global-typography-text-font-weight );}.elementor-320 .elementor-element.elementor-element-b7924c4{width:100%;max-width:100%;}.elementor-320 .elementor-element.elementor-element-b7924c4 img{width:100%;height:260px;object-fit:cover;object-position:center center;filter:brightness( 100% ) contrast( 100% ) saturate( 100% ) blur( 0px ) hue-rotate( 0deg );transition-duration:0.3s;}.elementor-320 .elementor-element.elementor-element-b7924c4:hover img{filter:brightness( 105% ) contrast( 100% ) saturate( 105% ) blur( 0px ) hue-rotate( 0deg );}.elementor-320 .elementor-element.elementor-element-33c6ff78{--display:flex;--flex-direction:row;--container-widget-width:calc( ( 1 - var( --container-widget-flex-grow ) ) * 100% );--container-widget-height:100%;--container-widget-flex-grow:1;--container-widget-align-self:stretch;--flex-wrap-mobile:wrap;--align-items:center;--gap:14px 14px;--row-gap:14px;--column-gap:14px;--margin-top:15px;--margin-bottom:15px;--margin-left:0px;--margin-right:0px;--padding-top:0px;--padding-bottom:0px;--padding-left:0px;--padding-right:0px;}.elementor-widget-heading .elementor-heading-title{font-family:var( --e-global-typography-primary-font-family ), Sans-serif;font-weight:var( --e-global-typography-primary-font-weight );color:var( --e-global-color-primary );}.elementor-320 .elementor-element.elementor-element-416c1562{background-color:#B9CEFF;padding:3px 12px 2px 12px;border-radius:30px 30px 30px 30px;}.elementor-320 .elementor-element.elementor-element-416c1562 .elementor-heading-title{font-family:\"Inter\", Sans-serif;font-size:0.9rem;font-weight:500;text-transform:uppercase;font-style:normal;text-decoration:none;line-height:1.7em;letter-spacing:-0.02em;word-spacing:0em;color:#181818;}.elementor-320 .elementor-element.elementor-element-7a0a5878{padding:6px 0px 6px 0px;}.elementor-320 .elementor-element.elementor-element-7a0a5878 .elementor-heading-title{font-family:\"Questrial\", Sans-serif;font-size:18px;font-weight:600;text-transform:uppercase;font-style:normal;text-decoration:none;line-height:1.5em;letter-spacing:-0.01em;word-spacing:0em;color:#8D8D8D;}.elementor-widget-theme-post-title .elementor-heading-title{font-family:var( --e-global-typography-primary-font-family ), Sans-serif;font-weight:var( --e-global-typography-primary-font-weight );color:var( --e-global-color-primary );}.elementor-320 .elementor-element.elementor-element-2b0bc01f .elementor-heading-title{font-family:\"Poppins\", Sans-serif;font-size:1.5rem;font-weight:600;color:#181818;}@media(max-width:1366px){.elementor-320 .elementor-element.elementor-element-2b0bc01f .elementor-heading-title{font-size:1.1rem;}}@media(max-width:1200px){.elementor-320 .elementor-element.elementor-element-416c1562 .elementor-heading-title{font-size:0.7rem;}.elementor-320 .elementor-element.elementor-element-7a0a5878 .elementor-heading-title{font-size:15px;}}@media(max-width:1024px){.elementor-320 .elementor-element.elementor-element-b7924c4 img{height:200px;}.elementor-320 .elementor-element.elementor-element-33c6ff78{--justify-content:space-between;}.elementor-320 .elementor-element.elementor-element-416c1562 .elementor-heading-title{line-height:2.3em;}}@media(max-width:767px){.elementor-320 .elementor-element.elementor-element-b7924c4 img{height:168px;}.elementor-320 .elementor-element.elementor-element-33c6ff78{--justify-content:flex-start;}.elementor-320 .elementor-element.elementor-element-416c1562{padding:1px 12px 1px 12px;}.elementor-320 .elementor-element.elementor-element-416c1562 .elementor-heading-title{font-size:15px;line-height:2.1em;}.elementor-320 .elementor-element.elementor-element-7a0a5878 .elementor-heading-title{font-size:17px;}.elementor-320 .elementor-element.elementor-element-2b0bc01f{text-align:left;}}<\/style>\t\t<div data-elementor-type=\"loop-item\" data-elementor-id=\"320\" class=\"elementor elementor-320 e-loop-item e-loop-item-459 post-459 post type-post status-publish format-standard has-post-thumbnail hentry category-blog\" data-elementor-post-type=\"elementor_library\" data-custom-edit-handle=\"1\">\n\t\t\t<a class=\"elementor-element elementor-element-509b9e4f e-con-full e-flex e-con e-parent\" data-id=\"509b9e4f\" data-element_type=\"container\" href=\"https:\/\/www.aypekmetal.com\/index.php\/metal-geri-donusumunun-onemi\/\">\n\t\t\t\t<div class=\"elementor-element elementor-element-b7924c4 elementor-widget__width-inherit elementor-widget elementor-widget-theme-post-featured-image elementor-widget-image\" data-id=\"b7924c4\" data-element_type=\"widget\" data-widget_type=\"theme-post-featured-image.default\">\n\t\t\t\t\t\t\t\t\t\t\t\t\t\t\t<img fetchpriority=\"high\" decoding=\"async\" width=\"1024\" height=\"1536\" src=\"https:\/\/www.aypekmetal.com\/wp-content\/uploads\/2025\/07\/AYPEK-METAL-DONUSUM.webp\" class=\"attachment-full size-full wp-image-29\" alt=\"\" srcset=\"https:\/\/www.aypekmetal.com\/wp-content\/uploads\/2025\/07\/AYPEK-METAL-DONUSUM.webp 1024w, https:\/\/www.aypekmetal.com\/wp-content\/uploads\/2025\/07\/AYPEK-METAL-DONUSUM-200x300.webp 200w, https:\/\/www.aypekmetal.com\/wp-content\/uploads\/2025\/07\/AYPEK-METAL-DONUSUM-683x1024.webp 683w, https:\/\/www.aypekmetal.com\/wp-content\/uploads\/2025\/07\/AYPEK-METAL-DONUSUM-768x1152.webp 768w\" sizes=\"(max-width: 1024px) 100vw, 1024px\" \/>\t\t\t\t\t\t\t\t\t\t\t\t\t\t\t<\/div>\n\t\t<div class=\"elementor-element elementor-element-33c6ff78 e-con-full e-flex e-con e-child\" data-id=\"33c6ff78\" data-element_type=\"container\">\n\t\t\t\t<div class=\"elementor-element elementor-element-416c1562 elementor-widget elementor-widget-heading\" data-id=\"416c1562\" data-element_type=\"widget\" data-widget_type=\"heading.default\">\n\t\t\t\t\t<p class=\"elementor-heading-title elementor-size-default\"><span>Blog<\/span><\/p>\t\t\t\t<\/div>\n\t\t\t\t<div class=\"elementor-element elementor-element-7a0a5878 elementor-widget elementor-widget-heading\" data-id=\"7a0a5878\" data-element_type=\"widget\" data-widget_type=\"heading.default\">\n\t\t\t\t\t<p class=\"elementor-heading-title elementor-size-default\">27\/08\/2025<\/p>\t\t\t\t<\/div>\n\t\t\t\t<\/div>\n\t\t\t\t<div class=\"elementor-element elementor-element-2b0bc01f elementor-widget elementor-widget-theme-post-title elementor-page-title elementor-widget-heading\" data-id=\"2b0bc01f\" data-element_type=\"widget\" data-widget_type=\"theme-post-title.default\">\n\t\t\t\t\t<h4 class=\"elementor-heading-title elementor-size-default\">Metal Geri D\u00f6n\u00fc\u015f\u00fcm\u00fcn\u00fcn \u00d6nemi<\/h4>\t\t\t\t<\/div>\n\t\t\t\t<\/a>\n\t\t\t\t<\/div>\n\t\t\t\t<div data-elementor-type=\"loop-item\" data-elementor-id=\"320\" class=\"elementor elementor-320 e-loop-item e-loop-item-456 post-456 post type-post status-publish format-standard has-post-thumbnail hentry category-blog\" data-elementor-post-type=\"elementor_library\" data-custom-edit-handle=\"1\">\n\t\t\t<a class=\"elementor-element elementor-element-509b9e4f e-con-full e-flex e-con e-parent\" data-id=\"509b9e4f\" data-element_type=\"container\" href=\"https:\/\/www.aypekmetal.com\/index.php\/metal-geri-donusumunde-guven-ve-kalite\/\">\n\t\t\t\t<div class=\"elementor-element elementor-element-b7924c4 elementor-widget__width-inherit elementor-widget elementor-widget-theme-post-featured-image elementor-widget-image\" data-id=\"b7924c4\" data-element_type=\"widget\" data-widget_type=\"theme-post-featured-image.default\">\n\t\t\t\t\t\t\t\t\t\t\t\t\t\t\t<img decoding=\"async\" width=\"1024\" height=\"1536\" src=\"https:\/\/www.aypekmetal.com\/wp-content\/uploads\/2025\/07\/Aypek-Metal-Vizyon.webp\" class=\"attachment-full size-full wp-image-204\" alt=\"\" srcset=\"https:\/\/www.aypekmetal.com\/wp-content\/uploads\/2025\/07\/Aypek-Metal-Vizyon.webp 1024w, https:\/\/www.aypekmetal.com\/wp-content\/uploads\/2025\/07\/Aypek-Metal-Vizyon-200x300.webp 200w, https:\/\/www.aypekmetal.com\/wp-content\/uploads\/2025\/07\/Aypek-Metal-Vizyon-683x1024.webp 683w, https:\/\/www.aypekmetal.com\/wp-content\/uploads\/2025\/07\/Aypek-Metal-Vizyon-768x1152.webp 768w\" sizes=\"(max-width: 1024px) 100vw, 1024px\" \/>\t\t\t\t\t\t\t\t\t\t\t\t\t\t\t<\/div>\n\t\t<div class=\"elementor-element elementor-element-33c6ff78 e-con-full e-flex e-con e-child\" data-id=\"33c6ff78\" data-element_type=\"container\">\n\t\t\t\t<div class=\"elementor-element elementor-element-416c1562 elementor-widget elementor-widget-heading\" data-id=\"416c1562\" data-element_type=\"widget\" data-widget_type=\"heading.default\">\n\t\t\t\t\t<p class=\"elementor-heading-title elementor-size-default\"><span>Blog<\/span><\/p>\t\t\t\t<\/div>\n\t\t\t\t<div class=\"elementor-element elementor-element-7a0a5878 elementor-widget elementor-widget-heading\" data-id=\"7a0a5878\" data-element_type=\"widget\" data-widget_type=\"heading.default\">\n\t\t\t\t\t<p class=\"elementor-heading-title elementor-size-default\">27\/08\/2025<\/p>\t\t\t\t<\/div>\n\t\t\t\t<\/div>\n\t\t\t\t<div class=\"elementor-element elementor-element-2b0bc01f elementor-widget elementor-widget-theme-post-title elementor-page-title elementor-widget-heading\" data-id=\"2b0bc01f\" data-element_type=\"widget\" data-widget_type=\"theme-post-title.default\">\n\t\t\t\t\t<h4 class=\"elementor-heading-title elementor-size-default\">Metal Geri D\u00f6n\u00fc\u015f\u00fcm\u00fcnde G\u00fcven ve Kalite<\/h4>\t\t\t\t<\/div>\n\t\t\t\t<\/a>\n\t\t\t\t<\/div>\n\t\t\t\t<div data-elementor-type=\"loop-item\" data-elementor-id=\"320\" class=\"elementor elementor-320 e-loop-item e-loop-item-454 post-454 post type-post status-publish format-standard has-post-thumbnail hentry category-blog\" data-elementor-post-type=\"elementor_library\" data-custom-edit-handle=\"1\">\n\t\t\t<a class=\"elementor-element elementor-element-509b9e4f e-con-full e-flex e-con e-parent\" data-id=\"509b9e4f\" data-element_type=\"container\" href=\"https:\/\/www.aypekmetal.com\/index.php\/ankara-hurda-metal-geri-donusum-neden-onemlidir-ve-nasil-yapilir\/\">\n\t\t\t\t<div class=\"elementor-element elementor-element-b7924c4 elementor-widget__width-inherit elementor-widget elementor-widget-theme-post-featured-image elementor-widget-image\" data-id=\"b7924c4\" data-element_type=\"widget\" data-widget_type=\"theme-post-featured-image.default\">\n\t\t\t\t\t\t\t\t\t\t\t\t\t\t\t<img decoding=\"async\" width=\"1024\" height=\"1536\" src=\"https:\/\/www.aypekmetal.com\/wp-content\/uploads\/2025\/07\/AYPEK-METAL-MISYON.webp\" class=\"attachment-full size-full wp-image-208\" alt=\"\" srcset=\"https:\/\/www.aypekmetal.com\/wp-content\/uploads\/2025\/07\/AYPEK-METAL-MISYON.webp 1024w, https:\/\/www.aypekmetal.com\/wp-content\/uploads\/2025\/07\/AYPEK-METAL-MISYON-200x300.webp 200w, https:\/\/www.aypekmetal.com\/wp-content\/uploads\/2025\/07\/AYPEK-METAL-MISYON-683x1024.webp 683w, https:\/\/www.aypekmetal.com\/wp-content\/uploads\/2025\/07\/AYPEK-METAL-MISYON-768x1152.webp 768w\" sizes=\"(max-width: 1024px) 100vw, 1024px\" \/>\t\t\t\t\t\t\t\t\t\t\t\t\t\t\t<\/div>\n\t\t<div class=\"elementor-element elementor-element-33c6ff78 e-con-full e-flex e-con e-child\" data-id=\"33c6ff78\" data-element_type=\"container\">\n\t\t\t\t<div class=\"elementor-element elementor-element-416c1562 elementor-widget elementor-widget-heading\" data-id=\"416c1562\" data-element_type=\"widget\" data-widget_type=\"heading.default\">\n\t\t\t\t\t<p class=\"elementor-heading-title elementor-size-default\"><span>Blog<\/span><\/p>\t\t\t\t<\/div>\n\t\t\t\t<div class=\"elementor-element elementor-element-7a0a5878 elementor-widget elementor-widget-heading\" data-id=\"7a0a5878\" data-element_type=\"widget\" data-widget_type=\"heading.default\">\n\t\t\t\t\t<p class=\"elementor-heading-title elementor-size-default\">27\/08\/2025<\/p>\t\t\t\t<\/div>\n\t\t\t\t<\/div>\n\t\t\t\t<div class=\"elementor-element elementor-element-2b0bc01f elementor-widget elementor-widget-theme-post-title elementor-page-title elementor-widget-heading\" data-id=\"2b0bc01f\" data-element_type=\"widget\" data-widget_type=\"theme-post-title.default\">\n\t\t\t\t\t<h4 class=\"elementor-heading-title elementor-size-default\">Ankara Hurda Metal Geri D\u00f6n\u00fc\u015f\u00fcm Neden \u00d6nemlidir ve Nas\u0131l Yap\u0131l\u0131r?<\/h4>\t\t\t\t<\/div>\n\t\t\t\t<\/a>\n\t\t\t\t<\/div>\n\t\t\t\t<\/div>\n\t\t\t\t\t<span class=\"e-load-more-spinner\">\n\t\t\t\t<svg aria-hidden=\"true\" class=\"e-font-icon-svg e-fas-circle-notch\" viewBox=\"0 0 512 512\" xmlns=\"http:\/\/www.w3.org\/2000\/svg\"><path d=\"M288 39.056v16.659c0 10.804 7.281 20.159 17.686 23.066C383.204 100.434 440 171.518 440 256c0 101.689-82.295 184-184 184-101.689 0-184-82.295-184-184 0-84.47 56.786-155.564 134.312-177.219C216.719 75.874 224 66.517 224 55.712V39.064c0-15.709-14.834-27.153-30.046-23.234C86.603 43.482 7.394 141.206 8.003 257.332c.72 137.052 111.477 246.956 248.531 246.667C393.255 503.711 504 392.788 504 256c0-115.633-79.14-212.779-186.211-240.236C302.678 11.889 288 23.456 288 39.056z\"><\/path><\/svg>\t\t\t<\/span>\n\t\t\n\t\t\t\t\t\t<\/div>\n\t\t\t\t<\/div>\n\t\t\t\t\t<\/div>\n\t\t\t\t<\/div>\n\t\t<div class=\"elementor-element elementor-element-b496f4d e-flex e-con-boxed e-con e-parent\" data-id=\"b496f4d\" data-element_type=\"container\" data-settings=\"{&quot;background_background&quot;:&quot;gradient&quot;}\">\n\t\t\t\t\t<div class=\"e-con-inner\">\n\t\t<div class=\"elementor-element elementor-element-a0c040a e-con-full e-flex e-con e-child\" data-id=\"a0c040a\" data-element_type=\"container\" data-settings=\"{&quot;background_background&quot;:&quot;classic&quot;}\">\n\t\t\t\t<div class=\"elementor-element elementor-element-21f10a6 elementor-widget__width-initial elementor-invisible elementor-widget elementor-widget-heading\" data-id=\"21f10a6\" data-element_type=\"widget\" data-settings=\"{&quot;_animation&quot;:&quot;fadeInLeft&quot;}\" data-widget_type=\"heading.default\">\n\t\t\t\t\t<h2 class=\"elementor-heading-title elementor-size-default\">En h\u0131zl\u0131, kolay ve g\u00fcvenilir hizmet i\u00e7in tercih edin.<\/h2>\t\t\t\t<\/div>\n\t\t\t\t<div class=\"elementor-element elementor-element-d639f4a elementor-invisible elementor-widget elementor-widget-button\" data-id=\"d639f4a\" data-element_type=\"widget\" data-settings=\"{&quot;_animation&quot;:&quot;fadeInLeft&quot;,&quot;_animation_delay&quot;:200}\" data-widget_type=\"button.default\">\n\t\t\t\t\t\t\t\t\t\t<a class=\"elementor-button elementor-button-link elementor-size-sm\" href=\"#\">\n\t\t\t\t\t\t<span class=\"elementor-button-content-wrapper\">\n\t\t\t\t\t\t\t\t\t<span class=\"elementor-button-text\">F\u0130YAT L\u0130STES\u0130<\/span>\n\t\t\t\t\t<\/span>\n\t\t\t\t\t<\/a>\n\t\t\t\t\t\t\t\t<\/div>\n\t\t\t\t<\/div>\n\t\t\t\t\t<\/div>\n\t\t\t\t<\/div>\n\t\t\t\t<\/div>\n\t\t","protected":false},"excerpt":{"rendered":"<p>Blog Metal G\u00fcndemi En h\u0131zl\u0131, kolay ve g\u00fcvenilir hizmet i\u00e7in tercih edin. F\u0130YAT L\u0130STES\u0130<\/p>\n","protected":false},"author":1,"featured_media":0,"parent":0,"menu_order":0,"comment_status":"closed","ping_status":"closed","template":"","meta":{"footnotes":""},"class_list":["post-278","page","type-page","status-publish","hentry"],"_links":{"self":[{"href":"https:\/\/www.aypekmetal.com\/index.php\/wp-json\/wp\/v2\/pages\/278","targetHints":{"allow":["GET"]}}],"collection":[{"href":"https:\/\/www.aypekmetal.com\/index.php\/wp-json\/wp\/v2\/pages"}],"about":[{"href":"https:\/\/www.aypekmetal.com\/index.php\/wp-json\/wp\/v2\/types\/page"}],"author":[{"embeddable":true,"href":"https:\/\/www.aypekmetal.com\/index.php\/wp-json\/wp\/v2\/users\/1"}],"replies":[{"embeddable":true,"href":"https:\/\/www.aypekmetal.com\/index.php\/wp-json\/wp\/v2\/comments?post=278"}],"version-history":[{"count":28,"href":"https:\/\/www.aypekmetal.com\/index.php\/wp-json\/wp\/v2\/pages\/278\/revisions"}],"predecessor-version":[{"id":765,"href":"https:\/\/www.aypekmetal.com\/index.php\/wp-json\/wp\/v2\/pages\/278\/revisions\/765"}],"wp:attachment":[{"href":"https:\/\/www.aypekmetal.com\/index.php\/wp-json\/wp\/v2\/media?parent=278"}],"curies":[{"name":"wp","href":"https:\/\/api.w.org\/{rel}","templated":true}]}}